{"id":1483,"date":"2023-02-20T13:42:01","date_gmt":"2023-02-20T13:42:01","guid":{"rendered":"https:\/\/friluftsterapi.com\/?page_id=1483"},"modified":"2023-02-20T13:51:07","modified_gmt":"2023-02-20T13:51:07","slug":"coocki-policy","status":"publish","type":"page","link":"https:\/\/friluftsterapi.com\/en\/coocki-policy\/","title":{"rendered":"Coocki policy"},"content":{"rendered":"<p>[et_pb_section fb_built=&raquo;1&#8243; theme_builder_area=&raquo;post_content&raquo; _builder_version=&raquo;4.19.1&#8243; _module_preset=&raquo;default&raquo;][et_pb_row _builder_version=&raquo;4.19.1&#8243; _module_preset=&raquo;default&raquo; theme_builder_area=&raquo;post_content&raquo;][et_pb_column _builder_version=&raquo;4.19.1&#8243; _module_preset=&raquo;default&raquo; type=&raquo;4_4&#8243; theme_builder_area=&raquo;post_content&raquo;][et_pb_text _builder_version=&raquo;4.19.1&#8243; _module_preset=&raquo;default&raquo; theme_builder_area=&raquo;post_content&raquo; hover_enabled=&raquo;0&#8243; sticky_enabled=&raquo;0&#8243;]<\/p>\n<h1>Retningslinjer for informasjonskapsler<\/h1>\n<p>&nbsp;<\/p>\n<p>Ikrafttredelsesdato: 04-Okt-2022<br \/>Sist oppdatert: 20-Feb-2023<\/p>\n<h2>Hva er informasjonskapsler?<\/h2>\n<p>Denne retningslinjen for informasjonskapsler forklarer hva informasjonskapsler er og hvordan vi bruker dem, hvilke typer informasjonskapsler vi bruker, dvs. informasjonen vi samler inn ved hjelp av informasjonskapsler og hvordan denne informasjonen brukes, og hvordan du administrerer informasjonskapselinnstillingene.<br \/>Informasjonskapsler er sm\u00e5 tekstfiler som brukes til \u00e5 lagre sm\u00e5 biter av informasjon. De lagres p\u00e5 enheten din n\u00e5r nettstedet lastes inn i nettleseren din. Disse informasjonskapslene hjelper oss med \u00e5 f\u00e5 nettstedet til \u00e5 fungere ordentlig, gj\u00f8re det sikrere, gi bedre brukeropplevelse og forst\u00e5 hvordan nettstedet fungerer og analysere hva som fungerer og hvor det trenger forbedring.<\/p>\n<h2>Hvordan bruker vi informasjonskapsler?<\/h2>\n<p>Som de fleste av de elektroniske tjenestene, bruker nettstedet v\u00e5rt f\u00f8rsteparts og tredjeparts informasjonskapsler til flere form\u00e5l. F\u00f8rsteparts informasjonskapsler er stort sett n\u00f8dvendige for at nettstedet skal fungere p\u00e5 riktig m\u00e5te, og de samler ikke inn noen av dine personlig identifiserbare data.<br \/>Tredjepartsinformasjonskapslene som brukes p\u00e5 nettstedet v\u00e5rt er hovedsakelig for \u00e5 forst\u00e5 hvordan nettstedet fungerer, hvordan du samhandler med nettstedet v\u00e5rt, holde tjenestene v\u00e5re sikre, levere annonser som er relevante for deg, og alt i alt gi deg en bedre og forbedret bruker oppleve og bidra til \u00e5 fremskynde fremtidige interaksjoner med nettstedet v\u00e5rt.<\/p>\n<h2>Typer informasjonskapsler vi bruker \u00a0<\/h2>\n<p>Du kan endre innstillingene dine for informasjonskapsler n\u00e5r som helst ved \u00e5 klikke p\u00e5 knappen ovenfor. Dette lar deg g\u00e5 tilbake til banneret for informasjonskapselsamtykke og endre innstillingene dine eller trekke tilbake samtykket ditt med en gang.<br \/>I tillegg til dette tilbyr forskjellige nettlesere forskjellige metoder for \u00e5 blokkere og slette informasjonskapsler som brukes av nettsteder.<br \/>Du kan endre innstillingene til nettleseren din for \u00e5 blokkere\/slette informasjonskapslene.<\/p>\n<p>Nedenfor er lenkene til st\u00f8ttedokumentene om hvordan du administrerer og sletter informasjonskapsler fra de store nettleserne.<\/p>\n<p>Chrome: <a href=\"https:\/\/support.google.com\/accounts\/answer\/32050\">https:\/\/support.google.com\/accounts\/answer\/32050<\/a><\/p>\n<p>Safari: <a href=\"https:\/\/support.apple.com\/en-in\/guide\/safari\/sfri11471\/mac\">https:\/\/support.apple.com\/en-in\/guide\/safari\/sfri11471\/mac<\/a><\/p>\n<p>Firefox: <a href=\"https:\/\/support.mozilla.org\/en-US\/kb\/clear-cookies-and-site-data-firefox?redirectslug=delete-cookies-remove-info-websites-stored&amp;redirectlocale=en-US\">https:\/\/support.mozilla.org\/en-US\/kb\/clear-cookies-and-site-data-firefox?redirectslug=delete-cookies-remove-info-websites-stored&amp;redirectlocale=en-US<\/a><\/p>\n<p>Internet Explorer: <a href=\"https:\/\/support.microsoft.com\/en-us\/topic\/how-to-delete-cookie-files-in-internet-explorer-bca9446f-d873-78de-77ba-d42645fa52fc\">https:\/\/support.microsoft.com\/en-us\/topic\/how-to-delete-cookie-files-in-internet-explorer-bca9446f-d873-78de-77ba-d42645fa52fc<\/a><\/p>\n<p>Hvis du bruker en annen nettleser, vennligst bes\u00f8k nettleserens offisielle st\u00f8ttedokumenter.<\/p>\n<p>&nbsp;<\/p>\n<p>[\/et_pb_text][et_pb_code _builder_version=&raquo;4.19.1&#8243; _module_preset=&raquo;default&raquo; theme_builder_area=&raquo;post_content&raquo; hover_enabled=&raquo;0&#8243; sticky_enabled=&raquo;0&#8243;]<a class=\"cky-banner-element\">Innstillinger for informasjonskapsler<\/a>[\/et_pb_code][\/et_pb_column][\/et_pb_row][\/et_pb_section]<\/p>","protected":false},"excerpt":{"rendered":"<p>Retningslinjer for informasjonskapsler &nbsp; Ikrafttredelsesdato: 04-Okt-2022Sist oppdatert: 20-Feb-2023 Hva er informasjonskapsler? Denne retningslinjen for informasjonskapsler forklarer hva informasjonskapsler er og hvordan vi bruker dem, hvilke typer informasjonskapsler vi bruker, dvs. informasjonen vi samler inn ved hjelp av informasjonskapsler og hvordan denne informasjonen brukes, og hvordan du administrerer informasjonskapselinnstillingene.Informasjonskapsler er sm\u00e5 tekstfiler som brukes til \u00e5 [&hellip;]<\/p>","protected":false},"author":1,"featured_media":0,"parent":0,"menu_order":0,"comment_status":"closed","ping_status":"closed","template":"","meta":{"_et_pb_use_builder":"on","_et_pb_old_content":"","_et_gb_content_width":"","footnotes":""},"class_list":["post-1483","page","type-page","status-publish","hentry"],"_links":{"self":[{"href":"https:\/\/friluftsterapi.com\/en\/wp-json\/wp\/v2\/pages\/1483","targetHints":{"allow":["GET"]}}],"collection":[{"href":"https:\/\/friluftsterapi.com\/en\/wp-json\/wp\/v2\/pages"}],"about":[{"href":"https:\/\/friluftsterapi.com\/en\/wp-json\/wp\/v2\/types\/page"}],"author":[{"embeddable":true,"href":"https:\/\/friluftsterapi.com\/en\/wp-json\/wp\/v2\/users\/1"}],"replies":[{"embeddable":true,"href":"https:\/\/friluftsterapi.com\/en\/wp-json\/wp\/v2\/comments?post=1483"}],"version-history":[{"count":4,"href":"https:\/\/friluftsterapi.com\/en\/wp-json\/wp\/v2\/pages\/1483\/revisions"}],"predecessor-version":[{"id":1489,"href":"https:\/\/friluftsterapi.com\/en\/wp-json\/wp\/v2\/pages\/1483\/revisions\/1489"}],"wp:attachment":[{"href":"https:\/\/friluftsterapi.com\/en\/wp-json\/wp\/v2\/media?parent=1483"}],"curies":[{"name":"wp","href":"https:\/\/api.w.org\/{rel}","templated":true}]}}