{"id":33,"date":"2022-06-07T09:43:26","date_gmt":"2022-06-07T09:43:26","guid":{"rendered":"https:\/\/656868-www.web.tornado-node.net\/?page_id=33"},"modified":"2023-07-10T13:52:03","modified_gmt":"2023-07-10T13:52:03","slug":"om-oss","status":"publish","type":"page","link":"https:\/\/friluftsterapi.com\/en\/om-oss\/","title":{"rendered":"About us"},"content":{"rendered":"<p>[et_pb_section fb_built=&raquo;1&#8243; custom_padding_last_edited=&raquo;on|phone&raquo; admin_label=&raquo;Header&raquo; _builder_version=&raquo;4.18.0&#8243; _module_preset=&raquo;default&raquo; background_enable_color=&raquo;off&raquo; background_image=&raquo;https:\/\/friluftsterapi.com\/wp-content\/uploads\/2022\/10\/Bilde-1-Om-oss-min-scaled.jpg&raquo; background_enable_video_mp4=&raquo;off&raquo; background_video_pause_outside_viewport=&raquo;off&raquo; custom_padding=&raquo;19vw||14vw||false|false&raquo; custom_padding_tablet=&raquo;20vw||20vw||true|false&raquo; custom_padding_phone=&raquo;30vw||30vw||true|false&raquo; global_colors_info=&raquo;{}&raquo;][et_pb_row _builder_version=&raquo;4.19.0&#8243; _module_preset=&raquo;default&raquo; global_colors_info=&raquo;{}&raquo;][et_pb_column type=&raquo;4_4&#8243; _builder_version=&raquo;4.19.0&#8243; _module_preset=&raquo;default&raquo; global_colors_info=&raquo;{}&raquo;][et_pb_text _builder_version=&raquo;4.19.0&#8243; _module_preset=&raquo;default&raquo; header_font=&raquo;Roboto|600|||||||&raquo; header_text_color=&raquo;#FFFFFF&raquo; header_font_size=&raquo;72px&raquo; header_letter_spacing=&raquo;2px&raquo; header_line_height=&raquo;1.2em&raquo; max_width=&raquo;800px&raquo; custom_margin=&raquo;||10px||false|false&raquo; header_font_size_tablet=&raquo;40px&raquo; header_font_size_phone=&raquo;24px&raquo; header_font_size_last_edited=&raquo;on|tablet&raquo; header_line_height_tablet=&raquo;1.3em&raquo; header_line_height_phone=&raquo;1.5em&raquo; header_line_height_last_edited=&raquo;on|desktop&raquo; header_text_shadow_style=&raquo;preset1&#8243; header_text_shadow_color=&raquo;rgba(0,0,0,0.45)&raquo; global_colors_info=&raquo;{}&raquo;]<\/p>\n<h1>About us<\/h1>\n<p>[\/et_pb_text][\/et_pb_column][\/et_pb_row][\/et_pb_section][et_pb_section fb_built=&raquo;1&#8243; custom_padding_last_edited=&raquo;on|phone&raquo; admin_label=&raquo;conference&raquo; _builder_version=&raquo;4.18.0&#8243; _module_preset=&raquo;default&raquo; use_background_color_gradient=&raquo;on&raquo; background_color_gradient_stops=&raquo;#ffffff 0%|#729ec1 100%&raquo; background_image=&raquo;https:\/\/friluftsterapi.com\/wp-content\/uploads\/2022\/05\/sight-seeing-49.png&raquo; custom_padding_tablet=&raquo;&raquo; custom_padding_phone=&raquo;||0px||false|false&raquo; global_colors_info=&raquo;{}&raquo;][et_pb_row column_structure=&raquo;1_2,1_2&#8243; use_custom_gutter=&raquo;on&raquo; gutter_width=&raquo;2&#8243; make_equal=&raquo;on&raquo; custom_padding_last_edited=&raquo;on|phone&raquo; padding_top_bottom_link_1=&raquo;true&raquo; padding_left_right_link_1=&raquo;true&raquo; _builder_version=&raquo;4.19.0&#8243; _module_preset=&raquo;default&raquo; width_tablet=&raquo;&raquo; width_phone=&raquo;100%&raquo; width_last_edited=&raquo;on|phone&raquo; max_width=&raquo;1200px&raquo; custom_padding_tablet=&raquo;&raquo; custom_padding_phone=&raquo;||0px||false|false&raquo; global_colors_info=&raquo;{}&raquo;][et_pb_column type=&raquo;1_2&#8243; _builder_version=&raquo;4.19.0&#8243; _module_preset=&raquo;default&raquo; use_background_color_gradient=&raquo;on&raquo; background_color_gradient_stops=&raquo;rgba(45,45,45,0.77) 1%|rgba(0,0,0,0.65) 100%&raquo; background_color_gradient_overlays_image=&raquo;on&raquo; background_image=&raquo;https:\/\/friluftsterapi.com\/wp-content\/uploads\/2022\/10\/Bilde-2-Et-tilbakeblikk-min.jpg&raquo; custom_padding=&raquo;50px|5%|50px|5%|true|true&raquo; custom_padding_tablet=&raquo;0px|||&raquo; custom_padding_phone=&raquo;0px|10%||10%|false|true&raquo; custom_padding_last_edited=&raquo;off|desktop&raquo; global_colors_info=&raquo;{}&raquo; custom_padding__hover=&raquo;|||&raquo;][et_pb_text _builder_version=&raquo;4.19.0&#8243; _module_preset=&raquo;default&raquo; text_font=&raquo;||||||||&raquo; text_text_color=&raquo;#FFFFFF&raquo; text_line_height=&raquo;1.9em&raquo; header_font=&raquo;||||||||&raquo; header_2_font=&raquo;Roboto||||||||&raquo; header_2_text_color=&raquo;#E09900&#8243; header_2_font_size=&raquo;50px&raquo; header_2_line_height=&raquo;1.4em&raquo; custom_margin=&raquo;||77px|||&raquo; header_2_font_size_tablet=&raquo;40px&raquo; header_2_font_size_phone=&raquo;32px&raquo; header_2_font_size_last_edited=&raquo;on|phone&raquo; global_colors_info=&raquo;{}&raquo;]<\/p>\n<h2>Looking back<\/h2>\n<p class=\"translation-block\">It all started with our dearest Leiv Einar Gabrielsen who back in 2011 initiated a clinical research project that combined nature and mental health work. Over the years we have increased our competence and become inspired primarily by our participants, but also through the numerous encounters with practitioners and researchers throughout the Nordic region and internationally, whilst we have continuously shared our experiences along the way. Looking back, we summarize this journey briefly.<\/p>\n<p>[\/et_pb_text][et_pb_button button_url=&raquo;@ET-DC@eyJkeW5hbWljIjp0cnVlLCJjb250ZW50IjoicG9zdF9saW5rX3VybF9wYWdlIiwic2V0dGluZ3MiOnsicG9zdF9pZCI6IjI4MCJ9fQ==@&raquo; button_text=&raquo;Historien&raquo; button_alignment=&raquo;left&raquo; _builder_version=&raquo;4.19.0&#8243; _dynamic_attributes=&raquo;button_url&raquo; _module_preset=&raquo;default&raquo; custom_button=&raquo;on&raquo; button_text_size=&raquo;14px&raquo; button_text_color=&raquo;#FFFFFF&raquo; button_bg_color=&raquo;#39656C&raquo; button_border_width=&raquo;7px&raquo; button_border_color=&raquo;rgba(0,0,0,0)&raquo; button_border_radius=&raquo;5px&raquo; button_letter_spacing=&raquo;3px&raquo; button_font=&raquo;Roboto|||on|||||&raquo; button_use_icon=&raquo;off&raquo; custom_padding=&raquo;7px|30px|7px|30px|true|true&raquo; custom_css_main_element=&raquo;display: flex;||justify-content: flex-end;||align-items: flex-end;&raquo; button_text_color_hover=&raquo;#ffffff&raquo; button_letter_spacing_hover=&raquo;3px&raquo; global_colors_info=&raquo;{}&raquo; button_text_size__hover_enabled=&raquo;on|hover&raquo; button_one_text_size__hover_enabled=&raquo;off&raquo; button_two_text_size__hover_enabled=&raquo;off&raquo; button_text_color__hover_enabled=&raquo;on|desktop&raquo; button_text_color__hover=&raquo;#E09900&#8243; button_one_text_color__hover_enabled=&raquo;off&raquo; button_two_text_color__hover_enabled=&raquo;off&raquo; button_border_width__hover_enabled=&raquo;on|desktop&raquo; button_one_border_width__hover_enabled=&raquo;off&raquo; button_two_border_width__hover_enabled=&raquo;off&raquo; button_border_color__hover_enabled=&raquo;on|hover&raquo; button_one_border_color__hover_enabled=&raquo;off&raquo; button_two_border_color__hover_enabled=&raquo;off&raquo; button_border_radius__hover_enabled=&raquo;on|desktop&raquo; button_one_border_radius__hover_enabled=&raquo;off&raquo; button_two_border_radius__hover_enabled=&raquo;off&raquo; button_letter_spacing__hover_enabled=&raquo;on|hover&raquo; button_letter_spacing__hover=&raquo;3px&raquo; button_one_letter_spacing__hover_enabled=&raquo;off&raquo; button_two_letter_spacing__hover_enabled=&raquo;off&raquo; button_bg_color__hover_enabled=&raquo;on|hover&raquo; button_one_bg_color__hover_enabled=&raquo;off&raquo; button_two_bg_color__hover_enabled=&raquo;off&raquo; button_bg_color__hover=&raquo;#2d2d2d&raquo; button_bg_enable_color__hover=&raquo;on&raquo; button_border_width__hover=&raquo;7px&raquo; button_border_color__hover=&raquo;RGBA(255,255,255,0)&raquo; button_text_size__hover=&raquo;14px&raquo; button_border_radius__hover=&raquo;5px&raquo;][\/et_pb_button][\/et_pb_column][et_pb_column type=&raquo;1_2&#8243; _builder_version=&raquo;4.18.0&#8243; _module_preset=&raquo;default&raquo; use_background_color_gradient=&raquo;on&raquo; background_color_gradient_stops=&raquo;rgba(0,0,0,0.66) 0%|rgba(45,45,45,0.59) 100%&raquo; background_color_gradient_overlays_image=&raquo;on&raquo; background_image=&raquo;https:\/\/friluftsterapi.com\/wp-content\/uploads\/2022\/10\/Bilde-3-Teamet-min-scaled.jpg&raquo; custom_padding=&raquo;50px|5%|50px|5%|true|true&raquo; custom_padding_tablet=&raquo;0px|||&raquo; custom_padding_phone=&raquo;0px|10%||10%|false|true&raquo; custom_padding_last_edited=&raquo;off|desktop&raquo; global_colors_info=&raquo;{}&raquo; custom_padding__hover=&raquo;|||&raquo;][et_pb_text _builder_version=&raquo;4.19.0&#8243; _module_preset=&raquo;default&raquo; text_font=&raquo;||||||||&raquo; text_text_color=&raquo;#FFFFFF&raquo; text_line_height=&raquo;1.9em&raquo; header_font=&raquo;||||||||&raquo; header_2_font=&raquo;Roboto||||||||&raquo; header_2_text_color=&raquo;#E09900&#8243; header_2_font_size=&raquo;50px&raquo; header_2_line_height=&raquo;1.4em&raquo; custom_margin=&raquo;||129px|||&raquo; header_2_font_size_tablet=&raquo;40px&raquo; header_2_font_size_phone=&raquo;32px&raquo; header_2_font_size_last_edited=&raquo;on|phone&raquo; global_colors_info=&raquo;{}&raquo;]<\/p>\n<h2>Our team<\/h2>\n<p>The Frilufts team is a multidisciplinary team made up of dedicated practitioners and researchers who contribute to the development of outdoor therapy and explore the numerous possibilities for health promotion and recovery in and through nature.<\/p>\n<p>[\/et_pb_text][et_pb_button button_url=&raquo;@ET-DC@eyJkeW5hbWljIjp0cnVlLCJjb250ZW50IjoicG9zdF9saW5rX3VybF9wYWdlIiwic2V0dGluZ3MiOnsicG9zdF9pZCI6IjEzMiJ9fQ==@&raquo; button_text=&raquo;Teamet v\u00e5rt&raquo; button_alignment=&raquo;left&raquo; _builder_version=&raquo;4.18.0&#8243; _dynamic_attributes=&raquo;button_url&raquo; _module_preset=&raquo;default&raquo; custom_button=&raquo;on&raquo; button_text_size=&raquo;14px&raquo; button_text_color=&raquo;#FFFFFF&raquo; button_bg_color=&raquo;#39656C&raquo; button_border_width=&raquo;7px&raquo; button_border_color=&raquo;rgba(0,0,0,0)&raquo; button_border_radius=&raquo;5px&raquo; button_letter_spacing=&raquo;3px&raquo; button_font=&raquo;Roboto|||on|||||&raquo; button_use_icon=&raquo;off&raquo; custom_padding=&raquo;7px|30px|7px|30px|true|true&raquo; button_text_color_hover=&raquo;#ffffff&raquo; button_letter_spacing_hover=&raquo;3px&raquo; global_colors_info=&raquo;{}&raquo; button_text_size__hover_enabled=&raquo;on|hover&raquo; button_one_text_size__hover_enabled=&raquo;off&raquo; button_two_text_size__hover_enabled=&raquo;off&raquo; button_text_color__hover_enabled=&raquo;on|desktop&raquo; button_text_color__hover=&raquo;#E09900&#8243; button_one_text_color__hover_enabled=&raquo;off&raquo; button_two_text_color__hover_enabled=&raquo;off&raquo; button_border_width__hover_enabled=&raquo;on|desktop&raquo; button_one_border_width__hover_enabled=&raquo;off&raquo; button_two_border_width__hover_enabled=&raquo;off&raquo; button_border_color__hover_enabled=&raquo;on|hover&raquo; button_one_border_color__hover_enabled=&raquo;off&raquo; button_two_border_color__hover_enabled=&raquo;off&raquo; button_border_radius__hover_enabled=&raquo;on|desktop&raquo; button_one_border_radius__hover_enabled=&raquo;off&raquo; button_two_border_radius__hover_enabled=&raquo;off&raquo; button_letter_spacing__hover_enabled=&raquo;on|hover&raquo; button_letter_spacing__hover=&raquo;3px&raquo; button_one_letter_spacing__hover_enabled=&raquo;off&raquo; button_two_letter_spacing__hover_enabled=&raquo;off&raquo; button_bg_color__hover_enabled=&raquo;on|hover&raquo; button_one_bg_color__hover_enabled=&raquo;off&raquo; button_two_bg_color__hover_enabled=&raquo;off&raquo; button_bg_color__hover=&raquo;#2d2d2d&raquo; button_bg_enable_color__hover=&raquo;on&raquo; button_border_width__hover=&raquo;7px&raquo; button_border_color__hover=&raquo;RGBA(255,255,255,0)&raquo; button_text_size__hover=&raquo;14px&raquo; button_border_radius__hover=&raquo;5px&raquo;][\/et_pb_button][\/et_pb_column][\/et_pb_row][\/et_pb_section][et_pb_section fb_built=&raquo;1&#8243; admin_label=&raquo;Sponsor&raquo; _builder_version=&raquo;4.16&#8243; _module_preset=&raquo;default&raquo; global_colors_info=&raquo;{}&raquo;][et_pb_row _builder_version=&raquo;4.16&#8243; _module_preset=&raquo;default&raquo; global_colors_info=&raquo;{}&raquo;][et_pb_column type=&raquo;4_4&#8243; _builder_version=&raquo;4.16&#8243; _module_preset=&raquo;default&raquo; custom_padding=&raquo;|||&raquo; global_colors_info=&raquo;{}&raquo; custom_padding__hover=&raquo;|||&raquo;][et_pb_text _builder_version=&raquo;4.18.0&#8243; _module_preset=&raquo;default&raquo; text_font=&raquo;||||||||&raquo; text_font_size=&raquo;20px&raquo; text_line_height=&raquo;1.9em&raquo; header_font=&raquo;||||||||&raquo; header_2_font=&raquo;Roboto|300|||||||&raquo; header_2_text_color=&raquo;#000000&#8243; header_2_font_size=&raquo;50px&raquo; header_2_line_height=&raquo;1.2em&raquo; text_orientation=&raquo;center&raquo; max_width=&raquo;700px&raquo; max_width_tablet=&raquo;&raquo; max_width_phone=&raquo;&raquo; max_width_last_edited=&raquo;on|desktop&raquo; module_alignment=&raquo;center&raquo; header_2_font_size_tablet=&raquo;40px&raquo; header_2_font_size_phone=&raquo;32px&raquo; header_2_font_size_last_edited=&raquo;on|phone&raquo; global_colors_info=&raquo;{}&raquo;]<\/p>\n<h2>Collaborative partners<\/h2>\n<p>[\/et_pb_text][\/et_pb_column][\/et_pb_row][et_pb_row _builder_version=&raquo;4.16&#8243; _module_preset=&raquo;default&raquo; global_colors_info=&raquo;{}&raquo;][et_pb_column type=&raquo;4_4&#8243; _builder_version=&raquo;4.16&#8243; _module_preset=&raquo;default&raquo; custom_padding=&raquo;|||&raquo; global_colors_info=&raquo;{}&raquo; custom_padding__hover=&raquo;|||&raquo;][wdcl_logo_carousel slide_count=&raquo;4&#8243; logo_hover=&raquo;black_n_white&raquo; logo_height=&raquo;200px&raquo; slide_count_tablet=&raquo;5&#8243; slide_count_phone=&raquo;2&#8243; slide_count_last_edited=&raquo;on|phone&raquo; _builder_version=&raquo;4.21.0&#8243; _module_preset=&raquo;default&raquo; hover_enabled=&raquo;0&#8243; global_colors_info=&raquo;{}&raquo; sticky_enabled=&raquo;0&#8243;][wdcl_logo_carousel_child logo=&raquo;https:\/\/friluftsterapi.com\/wp-content\/uploads\/2022\/06\/BlaKors.png&raquo; _builder_version=&raquo;4.18.0&#8243; _module_preset=&raquo;default&raquo; global_colors_info=&raquo;{}&raquo;][\/wdcl_logo_carousel_child][wdcl_logo_carousel_child logo=&raquo;https:\/\/friluftsterapi.com\/wp-content\/uploads\/2022\/09\/Logo_DNT_Sor-stor.jpg&raquo; _builder_version=&raquo;4.18.0&#8243; _module_preset=&raquo;default&raquo; global_colors_info=&raquo;{}&raquo;][\/wdcl_logo_carousel_child][wdcl_logo_carousel_child logo=&raquo;https:\/\/friluftsterapi.com\/wp-content\/uploads\/2022\/09\/Logo_NordicFullText.png&raquo; _builder_version=&raquo;4.18.0&#8243; _module_preset=&raquo;default&raquo; global_colors_info=&raquo;{}&raquo;][\/wdcl_logo_carousel_child][wdcl_logo_carousel_child logo=&raquo;https:\/\/friluftsterapi.com\/wp-content\/uploads\/2022\/06\/Visning_hovedlogo_ENG.png&raquo; _builder_version=&raquo;4.18.0&#8243; _module_preset=&raquo;default&raquo; global_colors_info=&raquo;{}&raquo;][\/wdcl_logo_carousel_child][wdcl_logo_carousel_child logo=&raquo;https:\/\/friluftsterapi.com\/wp-content\/uploads\/2022\/06\/Kristiansand-kommune-logo-ENGELSK.png&raquo; _builder_version=&raquo;4.18.0&#8243; _module_preset=&raquo;default&raquo; global_colors_info=&raquo;{}&raquo;][\/wdcl_logo_carousel_child][\/wdcl_logo_carousel][et_pb_button button_url=&raquo;@ET-DC@eyJkeW5hbWljIjp0cnVlLCJjb250ZW50IjoicG9zdF9saW5rX3VybF9wYWdlIiwic2V0dGluZ3MiOnsicG9zdF9pZCI6IjUzOCJ9fQ==@&raquo; button_text=&raquo;Les mer&raquo; button_alignment=&raquo;center&raquo; _builder_version=&raquo;4.18.0&#8243; _dynamic_attributes=&raquo;button_url&raquo; _module_preset=&raquo;default&raquo; custom_button=&raquo;on&raquo; button_text_size=&raquo;14px&raquo; button_text_color=&raquo;#FFFFFF&raquo; button_bg_color=&raquo;#39656C&raquo; button_border_width=&raquo;7px&raquo; button_border_color=&raquo;rgba(0,0,0,0)&raquo; button_border_radius=&raquo;5px&raquo; button_letter_spacing=&raquo;3px&raquo; button_font=&raquo;Roboto|||on|||||&raquo; button_use_icon=&raquo;off&raquo; custom_padding=&raquo;7px|30px|7px|30px|true|true&raquo; button_text_color_hover=&raquo;#ffffff&raquo; button_letter_spacing_hover=&raquo;3px&raquo; global_colors_info=&raquo;{}&raquo; button_text_size__hover_enabled=&raquo;on|hover&raquo; button_one_text_size__hover_enabled=&raquo;off&raquo; button_two_text_size__hover_enabled=&raquo;off&raquo; button_text_color__hover_enabled=&raquo;on|hover&raquo; button_text_color__hover=&raquo;#E09900&#8243; button_one_text_color__hover_enabled=&raquo;off&raquo; button_two_text_color__hover_enabled=&raquo;off&raquo; button_border_width__hover_enabled=&raquo;on|desktop&raquo; button_one_border_width__hover_enabled=&raquo;off&raquo; button_two_border_width__hover_enabled=&raquo;off&raquo; button_border_color__hover_enabled=&raquo;on|hover&raquo; button_one_border_color__hover_enabled=&raquo;off&raquo; button_two_border_color__hover_enabled=&raquo;off&raquo; button_border_radius__hover_enabled=&raquo;on|desktop&raquo; button_one_border_radius__hover_enabled=&raquo;off&raquo; button_two_border_radius__hover_enabled=&raquo;off&raquo; button_letter_spacing__hover_enabled=&raquo;on|hover&raquo; button_letter_spacing__hover=&raquo;3px&raquo; button_one_letter_spacing__hover_enabled=&raquo;off&raquo; button_two_letter_spacing__hover_enabled=&raquo;off&raquo; button_bg_color__hover_enabled=&raquo;on|hover&raquo; button_one_bg_color__hover_enabled=&raquo;off&raquo; button_two_bg_color__hover_enabled=&raquo;off&raquo; button_bg_color__hover=&raquo;#2d2d2d&raquo; button_bg_enable_color__hover=&raquo;on&raquo; button_border_width__hover=&raquo;7px&raquo; button_border_color__hover=&raquo;RGBA(255,255,255,0)&raquo; button_text_size__hover=&raquo;14px&raquo; button_border_radius__hover=&raquo;5px&raquo;][\/et_pb_button][\/et_pb_column][\/et_pb_row][\/et_pb_section]<\/p>","protected":false},"excerpt":{"rendered":"<p>Om ossEt tilbakeblikk Det hele startet egentlig med Leiv Einar Gabrielsen som tok initiativ til \u00e5 utvikle et klinisk forskningsprosjekt om natur og psykisk helse.Underveis har vi latt oss inspirere og l\u00e6rt uendelig mye, f\u00f8rst og fremst av v\u00e5re deltakere, men ogs\u00e5 av en rekke fagpersoner b\u00e5de her til lands og internasjonalt, samtidig som vi [&hellip;]<\/p>","protected":false},"author":1,"featured_media":512,"parent":0,"menu_order":0,"comment_status":"closed","ping_status":"closed","template":"","meta":{"_et_pb_use_builder":"on","_et_pb_old_content":"","_et_gb_content_width":"","footnotes":""},"class_list":["post-33","page","type-page","status-publish","has-post-thumbnail","hentry"],"_links":{"self":[{"href":"https:\/\/friluftsterapi.com\/en\/wp-json\/wp\/v2\/pages\/33","targetHints":{"allow":["GET"]}}],"collection":[{"href":"https:\/\/friluftsterapi.com\/en\/wp-json\/wp\/v2\/pages"}],"about":[{"href":"https:\/\/friluftsterapi.com\/en\/wp-json\/wp\/v2\/types\/page"}],"author":[{"embeddable":true,"href":"https:\/\/friluftsterapi.com\/en\/wp-json\/wp\/v2\/users\/1"}],"replies":[{"embeddable":true,"href":"https:\/\/friluftsterapi.com\/en\/wp-json\/wp\/v2\/comments?post=33"}],"version-history":[{"count":23,"href":"https:\/\/friluftsterapi.com\/en\/wp-json\/wp\/v2\/pages\/33\/revisions"}],"predecessor-version":[{"id":1529,"href":"https:\/\/friluftsterapi.com\/en\/wp-json\/wp\/v2\/pages\/33\/revisions\/1529"}],"wp:featuredmedia":[{"embeddable":true,"href":"https:\/\/friluftsterapi.com\/en\/wp-json\/wp\/v2\/media\/512"}],"wp:attachment":[{"href":"https:\/\/friluftsterapi.com\/en\/wp-json\/wp\/v2\/media?parent=33"}],"curies":[{"name":"wp","href":"https:\/\/api.w.org\/{rel}","templated":true}]}}