{"id":37,"date":"2022-06-07T09:43:57","date_gmt":"2022-06-07T09:43:57","guid":{"rendered":"https:\/\/656868-www.web.tornado-node.net\/?page_id=37"},"modified":"2023-04-26T07:52:31","modified_gmt":"2023-04-26T07:52:31","slug":"publikasjoner","status":"publish","type":"page","link":"https:\/\/friluftsterapi.com\/en\/publikasjoner\/","title":{"rendered":"Publications"},"content":{"rendered":"<p>[et_pb_section fb_built=&raquo;1&#8243; admin_label=&raquo;Header&raquo; _builder_version=&raquo;4.18.0&#8243; _module_preset=&raquo;default&raquo; background_enable_color=&raquo;off&raquo; use_background_color_gradient=&raquo;on&raquo; background_color_gradient_direction=&raquo;21deg&raquo; background_color_gradient_stops=&raquo;rgba(0,0,0,0.31) 30%|rgba(45,45,45,0.61) 100%&raquo; background_color_gradient_overlays_image=&raquo;on&raquo; background_color_gradient_start=&raquo;rgba(0,0,0,0.7)&raquo; background_color_gradient_start_position=&raquo;10%&raquo; background_color_gradient_end=&raquo;rgba(0,0,0,0)&raquo; background_color_gradient_end_position=&raquo;90%&raquo; background_image=&raquo;https:\/\/friluftsterapi.com\/wp-content\/uploads\/2022\/10\/Bilde-4-Publikasjoner-scaled.jpg&raquo; background_enable_video_mp4=&raquo;off&raquo; background_video_pause_outside_viewport=&raquo;off&raquo; custom_padding=&raquo;5vw||10vw||false|false&raquo; global_colors_info=&raquo;{}&raquo;][et_pb_row _builder_version=&raquo;4.16&#8243; _module_preset=&raquo;default&raquo; global_colors_info=&raquo;{}&raquo;][et_pb_column type=&raquo;4_4&#8243; _builder_version=&raquo;4.16&#8243; _module_preset=&raquo;default&raquo; global_colors_info=&raquo;{}&raquo;][et_pb_text _builder_version=&raquo;4.19.0&#8243; _module_preset=&raquo;default&raquo; header_font=&raquo;Roboto|600|||||||&raquo; header_text_color=&raquo;#FFFFFF&raquo; header_font_size=&raquo;72px&raquo; header_letter_spacing=&raquo;2px&raquo; header_line_height=&raquo;1.2em&raquo; max_width=&raquo;800px&raquo; custom_margin=&raquo;||10px||false|false&raquo; header_font_size_tablet=&raquo;40px&raquo; header_font_size_phone=&raquo;24px&raquo; header_font_size_last_edited=&raquo;on|tablet&raquo; header_line_height_tablet=&raquo;1.3em&raquo; header_line_height_phone=&raquo;1.5em&raquo; header_line_height_last_edited=&raquo;on|desktop&raquo; header_text_shadow_style=&raquo;preset1&#8243; header_text_shadow_color=&raquo;rgba(0,0,0,0.45)&raquo; global_colors_info=&raquo;{}&raquo;]<\/p>\n<h1>Publications<\/h1>\n<p>[\/et_pb_text][\/et_pb_column][\/et_pb_row][et_pb_row column_structure=&raquo;3_5,2_5&#8243; _builder_version=&raquo;4.19.1&#8243; _module_preset=&raquo;default&raquo; global_colors_info=&raquo;{}&raquo;][et_pb_column type=&raquo;3_5&#8243; _builder_version=&raquo;4.19.1&#8243; _module_preset=&raquo;default&raquo; overflow-x=&raquo;visible&raquo; overflow-y=&raquo;visible&raquo; border_radii=&raquo;off||200px|100px|&raquo; border_width_all=&raquo;4px&raquo; border_color_all=&raquo;#E09900&#8243; global_colors_info=&raquo;{}&raquo;][et_pb_cta button_url=&raquo;#&raquo; button_text=&raquo;Snakk med oss&raquo; _builder_version=&raquo;4.19.1&#8243; _module_preset=&raquo;default&raquo; header_font=&raquo;Roboto||||||||&raquo; header_text_color=&raquo;#FFFFFF&raquo; header_font_size=&raquo;20px&raquo; header_line_height=&raquo;1.5em&raquo; body_font_size=&raquo;16px&raquo; body_line_height=&raquo;1.6em&raquo; background_color=&raquo;#39656c&raquo; custom_button=&raquo;on&raquo; button_text_size=&raquo;14px&raquo; button_text_color=&raquo;#39656C&raquo; button_bg_color=&raquo;#FFFFFF&raquo; button_border_width=&raquo;0px&raquo; button_border_radius=&raquo;5px&raquo; button_font=&raquo;Poppins|600||on|||||&raquo; button_use_icon=&raquo;off&raquo; button_custom_padding=&raquo;16px||16px||true|false&raquo; transform_translate=&raquo;20px|-18px&raquo; transform_translate_linked=&raquo;off&raquo; text_orientation=&raquo;left&raquo; custom_padding=&raquo;|60px|||false|false&raquo; custom_padding_tablet=&raquo;|60px|||false|false&raquo; custom_padding_phone=&raquo;20px||20px|20px|false|false&raquo; custom_padding_last_edited=&raquo;on|phone&raquo; header_font_size_tablet=&raquo;18px&raquo; header_font_size_phone=&raquo;16px&raquo; header_font_size_last_edited=&raquo;on|phone&raquo; border_radii=&raquo;off||200px|200px|&raquo; border_color_all=&raquo;#E09900&#8243; border_radii_tablet=&raquo;off||200px|200px|&raquo; border_radii_phone=&raquo;off||0px|100px|&raquo; border_radii_last_edited=&raquo;on|phone&raquo; box_shadow_style=&raquo;preset2&#8243; box_shadow_color=&raquo;rgba(0,0,0,0.55)&raquo; global_colors_info=&raquo;{}&raquo; button_text_color__hover_enabled=&raquo;on|desktop&raquo; button_text_color__hover=&raquo;#E09900&#8243; button_bg_color__hover_enabled=&raquo;on|hover&raquo; button_bg_color__hover=&raquo;#2D2D2D&raquo; button_bg_enable_color__hover=&raquo;on&raquo;]<\/p>\n<p>We strive to share our experiences along the way in order to contribute to competence building and informing the evidence base of our field of practice. Here you find an overview of publications spanning scientific articles, book chapters, dissertations and textbooks, in addition to media.<\/p>\n<p>[\/et_pb_cta][\/et_pb_column][et_pb_column type=&raquo;2_5&#8243; _builder_version=&raquo;4.16&#8243; _module_preset=&raquo;default&raquo; custom_padding=&raquo;||44px||false|false&raquo; global_colors_info=&raquo;{}&raquo;][\/et_pb_column][\/et_pb_row][\/et_pb_section][et_pb_section fb_built=&raquo;1&#8243; custom_padding_last_edited=&raquo;on|phone&raquo; admin_label=&raquo;Resources&raquo; _builder_version=&raquo;4.19.1&#8243; _module_preset=&raquo;default&raquo; custom_padding=&raquo;50px||50px||true|false&raquo; custom_padding_tablet=&raquo;||100px||false|false&raquo; custom_padding_phone=&raquo;0px||0px||true|false&raquo; locked=&raquo;off&raquo; global_colors_info=&raquo;{}&raquo;][et_pb_row column_structure=&raquo;1_3,1_3,1_3&#8243; use_custom_gutter=&raquo;on&raquo; gutter_width=&raquo;1&#8243; make_equal=&raquo;on&raquo; _builder_version=&raquo;4.19.1&#8243; _module_preset=&raquo;default&raquo; width_tablet=&raquo;&raquo; width_phone=&raquo;100%&raquo; width_last_edited=&raquo;on|phone&raquo; custom_padding=&raquo;0px||0px||true|false&raquo; hover_enabled=&raquo;0&#8243; global_colors_info=&raquo;{}&raquo; sticky_enabled=&raquo;0&#8243;][et_pb_column type=&raquo;1_3&#8243; _builder_version=&raquo;4.18.0&#8243; _module_preset=&raquo;default&raquo; background_color=&raquo;#39656C&raquo; custom_padding=&raquo;40px|40px|40px|40px|true|true&raquo; custom_padding_tablet=&raquo;30px|30px|30px|30px|true|true&raquo; custom_padding_phone=&raquo;20px|20px|20px|20px|true|true&raquo; custom_padding_last_edited=&raquo;on|phone&raquo; global_colors_info=&raquo;{}&raquo;][et_pb_accordion open_toggle_text_color=&raquo;#ecc600&#8243; open_toggle_background_color=&raquo;RGBA(255,255,255,0)&raquo; closed_toggle_background_color=&raquo;RGBA(255,255,255,0)&raquo; toggle_icon=&raquo;&#x4c;||divi||400&#8243; icon_color=&raquo;#ecc600&#8243; module_id=&raquo;kontakt&raquo; _builder_version=&raquo;4.19.1&#8243; _module_preset=&raquo;ca0c039f-0d09-48f8-8a27-cfae3d931471&#8243; toggle_text_color=&raquo;#ecc600&#8243; toggle_font=&raquo;Archivo|700|||||||&raquo; toggle_font_size=&raquo;16px&raquo; body_font=&raquo;Archivo||||on||||&raquo; body_text_color=&raquo;#FFFFFF&raquo; body_font_size=&raquo;15px&raquo; body_line_height=&raquo;1.8em&raquo; body_link_text_color=&raquo;#FFFFFF&raquo; custom_margin=&raquo;||30px||false|false&raquo; hover_enabled=&raquo;0&#8243; toggle_font_size_tablet=&raquo;&raquo; toggle_font_size_phone=&raquo;15px&raquo; toggle_font_size_last_edited=&raquo;on|phone&raquo; body_font_size_tablet=&raquo;&raquo; body_font_size_phone=&raquo;14px&raquo; body_font_size_last_edited=&raquo;on|phone&raquo; border_width_all=&raquo;0px&raquo; border_color_all=&raquo;rgba(255,255,255,0.26)&raquo; border_width_bottom=&raquo;1px&raquo; locked=&raquo;off&raquo; global_colors_info=&raquo;{%22gcid-f1414204-51c0-48ff-bc68-c545a86d03e7%22:%91%22icon_color%22,%22icon_color%22,%22icon_color%22,%22icon_color%22,%22icon_color%22,%22icon_color%22,%22icon_color%22,%22icon_color%22,%22icon_color%22,%22icon_color%22,%22icon_color%22,%22icon_color%22,%22icon_color%22,%22icon_color%22,%22icon_color%22%93,%22gcid-1adb0c48-e943-4be8-b747-83127bdbd76c%22:%91%22body_text_color%22,%22body_text_color%22,%22body_text_color%22,%22body_text_color%22,%22body_text_color%22,%22body_text_color%22,%22body_text_color%22,%22body_text_color%22%93,%22gcid-6171fd24-b893-4d22-843a-f4129850a5c1%22:%91%22toggle_text_color%22,%22toggle_text_color%22,%22toggle_text_color%22,%22toggle_text_color%22,%22toggle_text_color%22,%22open_toggle_text_color%22%93}&raquo; sticky_enabled=&raquo;0&#8243;][et_pb_accordion_item title=&raquo;L\u00e6reb\u00f8ker&raquo; open=&raquo;off&raquo; _builder_version=&raquo;4.19.1&#8243; _module_preset=&raquo;default&raquo; custom_padding=&raquo;|0px||0px|false|true&raquo; hover_enabled=&raquo;0&#8243; global_colors_info=&raquo;{}&raquo; sticky_enabled=&raquo;0&#8243;]<\/p>\n<p><a href=\"https:\/\/friluftsterapi.com\/wp-content\/uploads\/2022\/09\/Fernee-Gabrielsen-2020-Wilderness-Therapy.pdf\" rel=\"attachment wp-att-367\">Fernee &amp; Gabrielsen (2020) Wilderness Therapy<\/a><\/p>\n<p><a href=\"https:\/\/cappelendamm.no\/_utendorsterapi-9788202682132\" rel=\"attachment wp-att-960\">Fernee m.fl. (2023) Utend\u00f8rsterapi \u2013 En introduksjon<\/a><\/p>\n<p>[\/et_pb_accordion_item][et_pb_accordion_item title=&raquo;Vitenskapelige artikler&raquo; _builder_version=&raquo;4.18.0&#8243; _module_preset=&raquo;default&raquo; custom_padding=&raquo;|0px||0px|false|true&raquo; global_colors_info=&raquo;{}&raquo; open=&raquo;off&raquo;]<\/p>\n<p><a href=\"https:\/\/friluftsterapi.com\/wp-content\/uploads\/2022\/09\/Fernee-m.fl_.-2015-Therapy-in-the-open-air.pdf\" rel=\"attachment wp-att-366\">Fernee m.fl. (2015) <\/a><a href=\"https:\/\/friluftsterapi.com\/wp-content\/uploads\/2022\/09\/Fernee-m.fl_.-2015-Therapy-in-the-open-air.pdf\" rel=\"attachment wp-att-366\">Therapy in the open air<\/a><\/p>\n<p><a href=\"https:\/\/friluftsterapi.com\/wp-content\/uploads\/2022\/09\/Fernee-m.fl_.-2017-Unpacking-the-Black-Box-of-Wilderness-Therapy.pdf\" rel=\"attachment wp-att-365\">Fernee m.fl. (2017) Unpacking the Black Box of Wilderness Therapy<\/a><\/p>\n<p><a href=\"https:\/\/friluftsterapi.com\/wp-content\/uploads\/2022\/09\/Fernee-m.fl_.-2019-Therapy-the-Natural-Way.pdf\" rel=\"attachment wp-att-364\">Fernee m.fl. (2019) Therapy the Natural Way<\/a><a href=\"https:\/\/friluftsterapi.com\/wp-content\/uploads\/2022\/09\/Gabrielsen-2018-The-Effectiveness-of-Wilderness-Therapy.pdf\" rel=\"attachment wp-att-362\"><\/a><\/p>\n<p><a href=\"https:\/\/friluftsterapi.com\/wp-content\/uploads\/2022\/09\/Fernee-m.fl_.-2020-Emerging-Stories-of-Self.pdf\" rel=\"attachment wp-att-363\">Fernee m.fl. (2020) Emerging Stories of Self<\/a><\/p>\n<p><a href=\"https:\/\/friluftsterapi.com\/wp-content\/uploads\/2022\/09\/Gabrielsen-Fernee-2014-Psykisk-helsearbeid-i-naturen.pdf\" rel=\"attachment wp-att-361\">Gabrielsen &amp; Fernee (2014) Psykisk helsearbeid i naturen<\/a><\/p>\n<p><a href=\"https:\/\/friluftsterapi.com\/wp-content\/uploads\/2022\/09\/Gabrielsen-2018-The-Effectiveness-of-Wilderness-Therapy.pdf\" rel=\"attachment wp-att-362\">Gabrielsen (2018) The Effectiveness of Wilderness Therapy<\/a><\/p>\n<p><a href=\"https:\/\/friluftsterapi.com\/wp-content\/uploads\/2022\/09\/Gabrielsen-Harper-2018-The-Role-of-Wilderness-Therapy.pdf\" rel=\"attachment wp-att-360\">Gabrielsen &amp; Harper (2018) The Role of Wilderness Therapy<\/a><\/p>\n<p><a href=\"https:\/\/friluftsterapi.com\/wp-content\/uploads\/2022\/09\/Gabrielsen-m.fl_.-2016-Why-Randomized-Trials-are-Challenging.pdf\" rel=\"attachment wp-att-359\">Gabrielsen m.fl. (2016) Why Randomized Trials are Challenging<\/a><\/p>\n<p><a href=\"https:\/\/friluftsterapi.com\/wp-content\/uploads\/2022\/09\/Gabrielsen-m.fl_.-2016-Personlig-utvikling-i-minus-20-grader.pdf\" rel=\"attachment wp-att-358\">Gabrielsen m.fl. (2016) Personlig utvikling i minus 20 grader<\/a><\/p>\n<p><a href=\"https:\/\/friluftsterapi.com\/wp-content\/uploads\/2022\/09\/Gabrielsen-m.fl_.-2019-Constructive-Anxiety-Levels-in-Wilderness-Therapy.pdf\" rel=\"attachment wp-att-356\">Gabrielsen<\/a><a href=\"https:\/\/friluftsterapi.com\/wp-content\/uploads\/2022\/09\/Gabrielsen-m.fl_.-2019-Constructive-Anxiety-Levels-in-Wilderness-Therapy.pdf\" rel=\"attachment wp-att-356\"> m.fl. (2019) Constructive Anxiety Levels in Wilderness Therapy<\/a><\/p>\n<p><a href=\"https:\/\/friluftsterapi.com\/wp-content\/uploads\/2022\/09\/Gabrielsen-m.fl_.-2018-Nar-terapeuten-forlater-kontoret.pdf\" rel=\"attachment wp-att-357\">Gabrielsen m.fl. (2018) N\u00e5r terapeuten forlater kontoret<\/a><a href=\"https:\/\/friluftsterapi.com\/wp-content\/uploads\/2022\/09\/Mattsson-Fernee-m.fl_.-2022-Restoring-Connectedness-in-and-to-Nature.pdf\" rel=\"attachment wp-att-353\"><\/a><\/p>\n<p><a href=\"https:\/\/friluftsterapi.com\/wp-content\/uploads\/2022\/09\/Harper-Fernee-2022-Unpacking-Relational-Dignity.pdf\" rel=\"attachment wp-att-355\">Harper &amp; Fernee (2022) Unpacking Relational Dignity<\/a><\/p>\n<p><a href=\"https:\/\/friluftsterapi.com\/wp-content\/uploads\/2022\/09\/Harper-m.fl_.-2021-Natures-Role-in-Outdoor-Therapies.pdf\" rel=\"attachment wp-att-354\">Harper m.fl. (2021) Nature&#8217;s Role in Outdoor Therapies<\/a><\/p>\n<p><a href=\"https:\/\/friluftsterapi.com\/wp-content\/uploads\/2022\/09\/Mattsson-Fernee-m.fl_.-2022-Restoring-Connectedness-in-and-to-Nature.pdf\" rel=\"attachment wp-att-353\">Mattsson, Fernee m.fl. (2022) Restoring Connectedness in and to Nature<\/a><\/p>\n<p><a href=\"https:\/\/friluftsterapi.com\/wp-content\/uploads\/2022\/09\/Stea-m.fl_.-2022-Mapping-the-Concept-Content-and-Outcome-of-Family-Based-Outdoor-Therapy.pdf\" rel=\"attachment wp-att-352\">Stea m.fl. (2022) Mapping the Concept, Content, and Outcome of Family-Based Outdoor Therapy<\/a><\/p>\n<p>[\/et_pb_accordion_item][et_pb_accordion_item title=&raquo;Oppgaver og avhandlinger&raquo; _builder_version=&raquo;4.18.0&#8243; _module_preset=&raquo;default&raquo; custom_padding=&raquo;|0px||0px|false|true&raquo; global_colors_info=&raquo;{}&raquo; open=&raquo;off&raquo;]<\/p>\n<p><a href=\"https:\/\/friluftsterapi.com\/wp-content\/uploads\/2022\/09\/Torvik-2021-Et-Sted-a-Puste.pdf\" rel=\"attachment wp-att-331\">Torvik (2021) Et Sted \u00e5 Puste<\/a><\/p>\n<p><a href=\"https:\/\/friluftsterapi.com\/wp-content\/uploads\/2022\/09\/Fernee-2019-Into-Nature.pdf\" rel=\"attachment wp-att-333\">Fernee (2019) Into Nature<\/a> <a href=\"https:\/\/friluftsterapi.com\/wp-content\/uploads\/2022\/09\/Haanes-2016-Mestringstro-i-Friluftsterapi.pdf\" rel=\"attachment wp-att-332\"><\/a><\/p>\n<p><a href=\"https:\/\/friluftsterapi.com\/wp-content\/uploads\/2022\/09\/Haanes-2016-Mestringstro-i-Friluftsterapi.pdf\" rel=\"attachment wp-att-332\">Haanes (2016) Mestringstro i Friluftsterapi<\/a><a href=\"https:\/\/friluftsterapi.com\/wp-content\/uploads\/2022\/10\/Utendorsterapi-Flyer.pdf\" rel=\"attachment wp-att-960\"><\/a><\/p>\n<p>[\/et_pb_accordion_item][et_pb_accordion_item title=&raquo;Media&raquo; _builder_version=&raquo;4.19.1&#8243; _module_preset=&raquo;default&raquo; custom_padding=&raquo;|0px||0px|false|true&raquo; hover_enabled=&raquo;0&#8243; global_colors_info=&raquo;{}&raquo; open=&raquo;on&raquo; sticky_enabled=&raquo;0&#8243;]<\/p>\n<p><a href=\"https:\/\/friluftsterapi.com\/wp-content\/uploads\/2022\/09\/Friluftsterapi-i-Fjell-og-Vidde-Sept-2017.pdf\" rel=\"attachment wp-att-328\">Friluftsterapi i Fjell og Vidde Sept 2017<\/a><\/p>\n<p><a href=\"https:\/\/magasinet.psykiskhelse.no\/bladet\/2022\/tema-naturterapi-0322\"> Magasinet Psykisk helse<\/a><\/p>\n<p><a href=\"https:\/\/www.fvn.no\/sport\/i\/wA9Wmn\/helsefremming-i-naturen-en-skog-av-muligheter\">Helsegevinster i naturen: En skog av muligheter &#8211; fvn.no<\/a><\/p>\n<p><a href=\"https:\/\/www.fvn.no\/sport\/i\/a7BpK5\/hva-med-en-mikroekspedisjon\">\u00abUnn deg en mikroekspedisjon\u00bb &#8211; fvn.no<\/a><\/p>\n<p>[\/et_pb_accordion_item][\/et_pb_accordion][\/et_pb_column][et_pb_column type=&raquo;1_3&#8243; _builder_version=&raquo;4.19.1&#8243; _module_preset=&raquo;default&raquo; background_color=&raquo;#68912B&raquo; background_image=&raquo;https:\/\/friluftsterapi.com\/wp-content\/uploads\/2022\/10\/UT-Forskning-12-min-scaled.jpg&raquo; custom_padding=&raquo;40px|40px|40px|40px|true|true&raquo; custom_padding_tablet=&raquo;30px|30px|30px|30px|true|true&raquo; custom_padding_phone=&raquo;20px|20px|20px|20px|true|true&raquo; custom_padding_last_edited=&raquo;on|phone&raquo; background_color_tablet=&raquo;#39656C&raquo; background_last_edited=&raquo;on|tablet&raquo; background_enable_color_tablet=&raquo;on&raquo; background_enable_image_tablet=&raquo;off&raquo; global_colors_info=&raquo;{}&raquo;][\/et_pb_column][et_pb_column type=&raquo;1_3&#8243; _builder_version=&raquo;4.19.1&#8243; _module_preset=&raquo;default&raquo; background_color=&raquo;#68912B&raquo; background_image=&raquo;https:\/\/friluftsterapi.com\/wp-content\/uploads\/2023\/04\/Utendorsterapi-scaled.webp&raquo; custom_padding=&raquo;40px|40px|40px|40px|true|true&raquo; custom_padding_tablet=&raquo;30px|30px|30px|30px|true|true&raquo; custom_padding_phone=&raquo;20px|20px|20px|20px|true|true&raquo; custom_padding_last_edited=&raquo;on|phone&raquo; hover_enabled=&raquo;0&#8243; background_color_tablet=&raquo;#39656C&raquo; background_last_edited=&raquo;on|tablet&raquo; background_enable_color_tablet=&raquo;on&raquo; background_enable_image_tablet=&raquo;off&raquo; global_colors_info=&raquo;{}&raquo; title_text=&raquo;Utend\u00f8rsterapi&raquo; sticky_enabled=&raquo;0&#8243;][\/et_pb_column][\/et_pb_row][\/et_pb_section]<\/p>","protected":false},"excerpt":{"rendered":"<p>PublikasjonerVi tilstreber hele veien \u00e5 dele erfaringene vi gj\u00f8r oss for \u00e5 bidra til kunnskapsbygging og evidensgrunnlaget for fagfeltet. Her finner du en oversikt over publikasjoner i form av vitenskapelige artikler, bokkapitler, doktorgradsavhandling, masteroppgaver og l\u00e6reb\u00f8ker.Fernee &amp; Gabrielsen (2020) Wilderness Therapy Fernee m.fl. (2023) Utend\u00f8rsterapi \u2013 En introduksjonFernee m.fl. (2015) Therapy in the open air [&hellip;]<\/p>","protected":false},"author":1,"featured_media":1177,"parent":0,"menu_order":0,"comment_status":"closed","ping_status":"closed","template":"","meta":{"_et_pb_use_builder":"on","_et_pb_old_content":"<!-- wp:divi\/placeholder \/-->","_et_gb_content_width":"","footnotes":""},"class_list":["post-37","page","type-page","status-publish","has-post-thumbnail","hentry"],"_links":{"self":[{"href":"https:\/\/friluftsterapi.com\/en\/wp-json\/wp\/v2\/pages\/37","targetHints":{"allow":["GET"]}}],"collection":[{"href":"https:\/\/friluftsterapi.com\/en\/wp-json\/wp\/v2\/pages"}],"about":[{"href":"https:\/\/friluftsterapi.com\/en\/wp-json\/wp\/v2\/types\/page"}],"author":[{"embeddable":true,"href":"https:\/\/friluftsterapi.com\/en\/wp-json\/wp\/v2\/users\/1"}],"replies":[{"embeddable":true,"href":"https:\/\/friluftsterapi.com\/en\/wp-json\/wp\/v2\/comments?post=37"}],"version-history":[{"count":60,"href":"https:\/\/friluftsterapi.com\/en\/wp-json\/wp\/v2\/pages\/37\/revisions"}],"predecessor-version":[{"id":1495,"href":"https:\/\/friluftsterapi.com\/en\/wp-json\/wp\/v2\/pages\/37\/revisions\/1495"}],"wp:featuredmedia":[{"embeddable":true,"href":"https:\/\/friluftsterapi.com\/en\/wp-json\/wp\/v2\/media\/1177"}],"wp:attachment":[{"href":"https:\/\/friluftsterapi.com\/en\/wp-json\/wp\/v2\/media?parent=37"}],"curies":[{"name":"wp","href":"https:\/\/api.w.org\/{rel}","templated":true}]}}