{"id":41,"date":"2022-06-07T09:44:20","date_gmt":"2022-06-07T09:44:20","guid":{"rendered":"https:\/\/656868-www.web.tornado-node.net\/?page_id=41"},"modified":"2023-07-14T13:19:10","modified_gmt":"2023-07-14T13:19:10","slug":"kontakt","status":"publish","type":"page","link":"https:\/\/friluftsterapi.com\/en\/kontakt\/","title":{"rendered":"Contact"},"content":{"rendered":"<p>[et_pb_section fb_built=&raquo;1&#8243; custom_padding_last_edited=&raquo;on|tablet&raquo; admin_label=&raquo;Header&raquo; _builder_version=&raquo;4.18.0&#8243; _module_preset=&raquo;default&raquo; use_background_color_gradient=&raquo;on&raquo; background_color_gradient_stops=&raquo;rgba(0,0,0,0) 0%|#000000 86%&raquo; background_color_gradient_overlays_image=&raquo;on&raquo; background_image=&raquo;https:\/\/friluftsterapi.com\/wp-content\/uploads\/2022\/10\/compressjpgUT-Familie-4-scaled.jpg&raquo; custom_padding=&raquo;20%||||false|false&raquo; custom_padding_tablet=&raquo;60px||||false|false&raquo; custom_padding_phone=&raquo;60px||||false|false&raquo; locked=&raquo;off&raquo; collapsed=&raquo;on&raquo; global_colors_info=&raquo;{}&raquo;][et_pb_row column_structure=&raquo;1_2,1_2&#8243; _builder_version=&raquo;4.18.0&#8243; _module_preset=&raquo;default&raquo; global_colors_info=&raquo;{}&raquo;][et_pb_column type=&raquo;1_2&#8243; _builder_version=&raquo;4.18.0&#8243; _module_preset=&raquo;default&raquo; global_colors_info=&raquo;{}&raquo;][et_pb_text _builder_version=&raquo;4.18.0&#8243; _module_preset=&raquo;e6504a1b-67eb-4b3d-b023-bcab277610b6&#8243; header_4_font=&raquo;Archivo|700||on|||||&raquo; header_4_text_color=&raquo;gcid-f1414204-51c0-48ff-bc68-c545a86d03e7&#8243; header_4_font_size=&raquo;14px&raquo; header_4_letter_spacing=&raquo;1px&raquo; header_4_line_height=&raquo;1.5em&raquo; custom_margin=&raquo;||0px||false|false&raquo; global_colors_info=&raquo;{%22gcid-f1414204-51c0-48ff-bc68-c545a86d03e7%22:%91%22header_4_text_color%22%93}&raquo;]<\/p>\n<h4>Contact<\/h4>\n<p>[\/et_pb_text][et_pb_text _builder_version=&raquo;4.19.0&#8243; _module_preset=&raquo;c16985e1-e0d6-4022-964d-e2bfc04fa633&#8243; header_font=&raquo;Roboto|700|||||||&raquo; header_text_color=&raquo;gcid-6171fd24-b893-4d22-843a-f4129850a5c1&#8243; header_font_size=&raquo;75px&raquo; header_line_height=&raquo;1.2em&raquo; header_font_size_tablet=&raquo;40px&raquo; header_font_size_phone=&raquo;24px&raquo; header_font_size_last_edited=&raquo;on|desktop&raquo; global_colors_info=&raquo;{%22gcid-6171fd24-b893-4d22-843a-f4129850a5c1%22:%91%22header_text_color%22%93}&raquo;]<\/p>\n<h1>Get in \ntouch!<\/h1>\n<p>[\/et_pb_text][et_pb_divider color=&raquo;gcid-6171fd24-b893-4d22-843a-f4129850a5c1&#8243; divider_weight=&raquo;4px&raquo; _builder_version=&raquo;4.18.0&#8243; _module_preset=&raquo;default&raquo; max_width=&raquo;300px&raquo; global_colors_info=&raquo;{%22gcid-6171fd24-b893-4d22-843a-f4129850a5c1%22:%91%22color%22%93}&raquo;][\/et_pb_divider][et_pb_text _builder_version=&raquo;4.19.0&#8243; _module_preset=&raquo;518880c8-46c7-4ffa-b5a6-93ffa99dcc17&#8243; text_font=&raquo;Archivo||||||||&raquo; text_text_color=&raquo;gcid-6171fd24-b893-4d22-843a-f4129850a5c1&#8243; text_font_size=&raquo;18px&raquo; text_line_height=&raquo;1.6em&raquo; text_font_size_tablet=&raquo;16px&raquo; text_font_size_phone=&raquo;14px&raquo; text_font_size_last_edited=&raquo;on|phone&raquo; global_colors_info=&raquo;{%22gcid-6171fd24-b893-4d22-843a-f4129850a5c1%22:%91%22text_text_color%22%93}&raquo;]<\/p>\n<p>We are determined to contribute to competence building within this field of practice and therefore strive to share our experiences despite hectic days working within a public hospital setting. Feel free to reach out and we will get back to you as soon as possible. <\/p>\n<p>[\/et_pb_text][\/et_pb_column][et_pb_column type=&raquo;1_2&#8243; _builder_version=&raquo;4.18.0&#8243; _module_preset=&raquo;default&raquo; global_colors_info=&raquo;{}&raquo;][et_pb_blurb title=&raquo;Kontakt klinikk&raquo; use_icon=&raquo;on&raquo; font_icon=&raquo;&#xf0e0;||fa||400&#8243; icon_color=&raquo;#FFFFFF&raquo; icon_placement=&raquo;left&raquo; image_icon_width=&raquo;36px&raquo; _builder_version=&raquo;4.19.0&#8243; _module_preset=&raquo;341773a8-7d77-4626-b15c-f95399f25521&#8243; header_font=&raquo;Archivo|700||on|||||&raquo; header_text_color=&raquo;gcid-f1414204-51c0-48ff-bc68-c545a86d03e7&#8243; header_font_size=&raquo;14px&raquo; header_letter_spacing=&raquo;1px&raquo; body_font=&raquo;Archivo||||||||&raquo; body_text_color=&raquo;gcid-6171fd24-b893-4d22-843a-f4129850a5c1&#8243; body_link_text_color=&raquo;gcid-1adb0c48-e943-4be8-b747-83127bdbd76c&raquo; animation=&raquo;off&raquo; locked=&raquo;off&raquo; global_colors_info=&raquo;{%22gcid-f1414204-51c0-48ff-bc68-c545a86d03e7%22:%91%22header_text_color%22,%22header_text_color%22%93,%22gcid-6171fd24-b893-4d22-843a-f4129850a5c1%22:%91%22body_text_color%22,%22body_text_color%22%93,%22gcid-1adb0c48-e943-4be8-b747-83127bdbd76c%22:%91%22body_link_text_color%22%93}&raquo;]<\/p>\n<p><a href=\"mailto:vibeke.palucha@sshf.no\">vibeke.palucha@sshf.no<\/a><\/p>\n<p>[\/et_pb_blurb][et_pb_blurb title=&raquo;Kontakt Forskning&raquo; use_icon=&raquo;on&raquo; font_icon=&raquo;&#xf0e0;||fa||400&#8243; icon_color=&raquo;#FFFFFF&raquo; icon_placement=&raquo;left&raquo; image_icon_width=&raquo;36px&raquo; _builder_version=&raquo;4.19.1&#8243; _module_preset=&raquo;341773a8-7d77-4626-b15c-f95399f25521&#8243; header_font=&raquo;Archivo|700||on|||||&raquo; header_text_color=&raquo;gcid-f1414204-51c0-48ff-bc68-c545a86d03e7&#8243; header_font_size=&raquo;14px&raquo; header_letter_spacing=&raquo;1px&raquo; body_font=&raquo;Archivo||||||||&raquo; body_text_color=&raquo;gcid-6171fd24-b893-4d22-843a-f4129850a5c1&#8243; body_link_text_color=&raquo;gcid-1adb0c48-e943-4be8-b747-83127bdbd76c&raquo; animation=&raquo;off&raquo; locked=&raquo;off&raquo; global_colors_info=&raquo;{%22gcid-f1414204-51c0-48ff-bc68-c545a86d03e7%22:%91%22header_text_color%22,%22header_text_color%22%93,%22gcid-6171fd24-b893-4d22-843a-f4129850a5c1%22:%91%22body_text_color%22,%22body_text_color%22%93,%22gcid-1adb0c48-e943-4be8-b747-83127bdbd76c%22:%91%22body_link_text_color%22%93}&raquo;]<\/p>\n<p><a href=\"mailto:carina.fernee@sshf.no\">carina.fernee@sshf.no<\/a><\/p>\n<p>[\/et_pb_blurb][et_pb_blurb title=&raquo;Bes\u00f8ksadresse&raquo; use_icon=&raquo;on&raquo; font_icon=&raquo;&#xe081;||divi||400&#8243; icon_color=&raquo;#FFFFFF&raquo; icon_placement=&raquo;left&raquo; image_icon_width=&raquo;36px&raquo; _builder_version=&raquo;4.21.0&#8243; _module_preset=&raquo;341773a8-7d77-4626-b15c-f95399f25521&#8243; header_font=&raquo;Archivo|700||on|||||&raquo; header_text_color=&raquo;gcid-f1414204-51c0-48ff-bc68-c545a86d03e7&#8243; header_font_size=&raquo;14px&raquo; header_letter_spacing=&raquo;1px&raquo; body_font=&raquo;Archivo||||||||&raquo; body_text_color=&raquo;gcid-6171fd24-b893-4d22-843a-f4129850a5c1&#8243; body_link_text_color=&raquo;gcid-1adb0c48-e943-4be8-b747-83127bdbd76c&raquo; animation=&raquo;off&raquo; hover_enabled=&raquo;0&#8243; locked=&raquo;off&raquo; global_colors_info=&raquo;{%22gcid-f1414204-51c0-48ff-bc68-c545a86d03e7%22:%91%22header_text_color%22,%22header_text_color%22%93,%22gcid-6171fd24-b893-4d22-843a-f4129850a5c1%22:%91%22body_text_color%22,%22body_text_color%22%93,%22gcid-1adb0c48-e943-4be8-b747-83127bdbd76c%22:%91%22body_link_text_color%22%93}&raquo; sticky_enabled=&raquo;0&#8243;]<\/p>\n<p>Department of Child and Adolescent Mental Health (ABUP)<\/p>\n<p>S\u00f8rlandet hospital HE\nEgsveien 100, Building 1<\/p>\n<p>4615 Kristiansand<\/p>\n<p>[\/et_pb_blurb][et_pb_social_media_follow icon_color=&raquo;gcid-1adb0c48-e943-4be8-b747-83127bdbd76c&raquo; _builder_version=&raquo;4.18.0&#8243; _module_preset=&raquo;default&raquo; locked=&raquo;off&raquo; global_colors_info=&raquo;{%22gcid-1adb0c48-e943-4be8-b747-83127bdbd76c%22:%91%22icon_color%22%93}&raquo;][et_pb_social_media_follow_network social_network=&raquo;facebook&raquo; _builder_version=&raquo;4.18.0&#8243; _module_preset=&raquo;default&raquo; global_colors_info=&raquo;{}&raquo; follow_button=&raquo;off&raquo; url_new_window=&raquo;on&raquo;]facebook[\/et_pb_social_media_follow_network][et_pb_social_media_follow_network social_network=&raquo;twitter&raquo; _builder_version=&raquo;4.18.0&#8243; _module_preset=&raquo;default&raquo; global_colors_info=&raquo;{}&raquo; follow_button=&raquo;off&raquo; url_new_window=&raquo;on&raquo;]twitter[\/et_pb_social_media_follow_network][et_pb_social_media_follow_network social_network=&raquo;instagram&raquo; _builder_version=&raquo;4.18.0&#8243; _module_preset=&raquo;default&raquo; global_colors_info=&raquo;{}&raquo; follow_button=&raquo;off&raquo; url_new_window=&raquo;on&raquo;]instagram[\/et_pb_social_media_follow_network][\/et_pb_social_media_follow][\/et_pb_column][\/et_pb_row][\/et_pb_section][et_pb_section fb_built=&raquo;1&#8243; custom_padding_last_edited=&raquo;on|tablet&raquo; admin_label=&raquo;Footer&raquo; _builder_version=&raquo;4.19.1&#8243; _module_preset=&raquo;default&raquo; background_color=&raquo;gcid-2cf18f4b-ad1d-4daf-a40a-75be4919065f&raquo; custom_padding_tablet=&raquo;0px||||false|false&raquo; custom_padding_phone=&raquo;0px||||false|false&raquo; collapsed=&raquo;on&raquo; global_colors_info=&raquo;{%22gcid-2cf18f4b-ad1d-4daf-a40a-75be4919065f%22:%91%22background_color%22%93}&raquo;][et_pb_row _builder_version=&raquo;4.19.1&#8243; _module_preset=&raquo;default&raquo; width_tablet=&raquo;100%&raquo; width_phone=&raquo;100%&raquo; width_last_edited=&raquo;on|tablet&raquo; global_colors_info=&raquo;{}&raquo;][et_pb_column type=&raquo;4_4&#8243; _builder_version=&raquo;4.19.0&#8243; _module_preset=&raquo;default&raquo; global_colors_info=&raquo;{}&raquo;][et_pb_code _builder_version=&raquo;4.19.0&#8243; _module_preset=&raquo;default&raquo; global_colors_info=&raquo;{}&raquo;]<iframe src=\"https:\/\/www.google.com\/maps\/embed?pb=!1m14!1m12!1m3!1d22911.794180363468!2d7.980693557460464!3d58.163106187760064!2m3!1f0!2f0!3f0!3m2!1i1024!2i768!4f13.1!5e0!3m2!1sen!2sno!4v1668427632865!5m2!1sen!2sno\" width=\"100%\" height=\"650\" style=\"border:0;\" allowfullscreen=\"\" loading=\"lazy\" referrerpolicy=\"no-referrer-when-downgrade\"><\/iframe>[\/et_pb_code][\/et_pb_column][\/et_pb_row][\/et_pb_section]<\/p>","protected":false},"excerpt":{"rendered":"<p>KontaktTa gjerne kontaktVi \u00f8nsker \u00e5 bidra til videre kompetansebygging innen dette fagfeltet og tilstreber derfor \u00e5 dele v\u00e5re erfaringer til tross for travle arbeidshverdager. Ta kontakt, s\u00e5 svarer vi s\u00e5 snart vi f\u00e5r mulighet. vibeke.palucha@sshf.nocarina.fernee@sshf.noAvdeling for barn og unges psykiske helse (ABUP) S\u00f8rlandet sykehus HF, Egsveien 100, bygg 1 4615 Kristiansand<\/p>","protected":false},"author":1,"featured_media":770,"parent":0,"menu_order":0,"comment_status":"closed","ping_status":"closed","template":"","meta":{"_et_pb_use_builder":"on","_et_pb_old_content":"<!-- wp:divi\/placeholder \/-->","_et_gb_content_width":"","footnotes":""},"class_list":["post-41","page","type-page","status-publish","has-post-thumbnail","hentry"],"_links":{"self":[{"href":"https:\/\/friluftsterapi.com\/en\/wp-json\/wp\/v2\/pages\/41","targetHints":{"allow":["GET"]}}],"collection":[{"href":"https:\/\/friluftsterapi.com\/en\/wp-json\/wp\/v2\/pages"}],"about":[{"href":"https:\/\/friluftsterapi.com\/en\/wp-json\/wp\/v2\/types\/page"}],"author":[{"embeddable":true,"href":"https:\/\/friluftsterapi.com\/en\/wp-json\/wp\/v2\/users\/1"}],"replies":[{"embeddable":true,"href":"https:\/\/friluftsterapi.com\/en\/wp-json\/wp\/v2\/comments?post=41"}],"version-history":[{"count":24,"href":"https:\/\/friluftsterapi.com\/en\/wp-json\/wp\/v2\/pages\/41\/revisions"}],"predecessor-version":[{"id":1560,"href":"https:\/\/friluftsterapi.com\/en\/wp-json\/wp\/v2\/pages\/41\/revisions\/1560"}],"wp:featuredmedia":[{"embeddable":true,"href":"https:\/\/friluftsterapi.com\/en\/wp-json\/wp\/v2\/media\/770"}],"wp:attachment":[{"href":"https:\/\/friluftsterapi.com\/en\/wp-json\/wp\/v2\/media?parent=41"}],"curies":[{"name":"wp","href":"https:\/\/api.w.org\/{rel}","templated":true}]}}