{"id":666,"date":"2022-10-01T14:45:09","date_gmt":"2022-10-01T14:45:09","guid":{"rendered":"https:\/\/656868-www.web.tornado-node.net\/?page_id=666"},"modified":"2023-07-14T12:39:26","modified_gmt":"2023-07-14T12:39:26","slug":"abup-ut-forskning","status":"publish","type":"page","link":"https:\/\/friluftsterapi.com\/en\/vare-tilbud\/abup-ut-forskning\/","title":{"rendered":"RESEARCH"},"content":{"rendered":"<p>[et_pb_section fb_built=&raquo;1&#8243; custom_padding_last_edited=&raquo;on|tablet&raquo; admin_label=&raquo;Header&raquo; _builder_version=&raquo;4.18.0&#8243; _module_preset=&raquo;default&raquo; use_background_color_gradient=&raquo;on&raquo; background_color_gradient_stops=&raquo;rgba(0,0,0,0) 0%|#000000 86%&raquo; background_color_gradient_overlays_image=&raquo;on&raquo; background_image=&raquo;https:\/\/friluftsterapi.com\/wp-content\/uploads\/2022\/10\/UT-Forskning-6-min-scaled.jpg&raquo; custom_padding=&raquo;20%||||false|false&raquo; custom_padding_tablet=&raquo;60px||||false|false&raquo; custom_padding_phone=&raquo;60px||||false|false&raquo; locked=&raquo;off&raquo; collapsed=&raquo;on&raquo; global_colors_info=&raquo;{}&raquo;][et_pb_row column_structure=&raquo;2_5,3_5&#8243; _builder_version=&raquo;4.18.0&#8243; _module_preset=&raquo;default&raquo; locked=&raquo;off&raquo; global_colors_info=&raquo;{}&raquo;][et_pb_column type=&raquo;2_5&#8243; _builder_version=&raquo;4.18.0&#8243; _module_preset=&raquo;default&raquo; global_colors_info=&raquo;{}&raquo;][\/et_pb_column][et_pb_column type=&raquo;3_5&#8243; _builder_version=&raquo;4.18.0&#8243; _module_preset=&raquo;default&raquo; global_colors_info=&raquo;{}&raquo;][et_pb_text _builder_version=&raquo;4.18.0&#8243; _module_preset=&raquo;e6504a1b-67eb-4b3d-b023-bcab277610b6&#8243; header_4_font=&raquo;Archivo|700||on|||||&raquo; header_4_text_color=&raquo;#E09900&#8243; header_4_font_size=&raquo;14px&raquo; header_4_letter_spacing=&raquo;1px&raquo; header_4_line_height=&raquo;1.5em&raquo; custom_margin=&raquo;||0px||false|false&raquo; custom_margin_tablet=&raquo;|||0px|false|false&raquo; custom_margin_phone=&raquo;|||0px|false|false&raquo; custom_margin_last_edited=&raquo;off|desktop&raquo; global_colors_info=&raquo;{}&raquo;]<\/p>\n<h4>Abup ut<\/h4>\n<p>[\/et_pb_text][et_pb_text _builder_version=&raquo;4.18.0&#8243; _module_preset=&raquo;c16985e1-e0d6-4022-964d-e2bfc04fa633&#8243; header_font=&raquo;Roboto|700|||||||&raquo; header_text_color=&raquo;gcid-1adb0c48-e943-4be8-b747-83127bdbd76c&raquo; header_font_size=&raquo;75px&raquo; header_line_height=&raquo;1.2em&raquo; custom_margin_tablet=&raquo;|||0px|false|false&raquo; custom_margin_phone=&raquo;|||0px|false|false&raquo; custom_margin_last_edited=&raquo;off|desktop&raquo; header_font_size_tablet=&raquo;40px&raquo; header_font_size_phone=&raquo;24px&raquo; header_font_size_last_edited=&raquo;on|desktop&raquo; global_colors_info=&raquo;{%22gcid-2cf18f4b-ad1d-4daf-a40a-75be4919065f%22:%91%22header_2_text_color%22%93,%22gcid-1adb0c48-e943-4be8-b747-83127bdbd76c%22:%91%22header_text_color%22%93}&raquo;]<\/p>\n<h1><b>RESEARCH<\/b><\/h1>\n<p>[\/et_pb_text][et_pb_divider color=&raquo;gcid-1adb0c48-e943-4be8-b747-83127bdbd76c&raquo; divider_weight=&raquo;4px&raquo; _builder_version=&raquo;4.18.0&#8243; _module_preset=&raquo;default&raquo; max_width=&raquo;300px&raquo; locked=&raquo;off&raquo; global_colors_info=&raquo;{%22gcid-1adb0c48-e943-4be8-b747-83127bdbd76c%22:%91%22color%22%93}&raquo;][\/et_pb_divider][et_pb_text _builder_version=&raquo;4.18.0&#8243; _module_preset=&raquo;518880c8-46c7-4ffa-b5a6-93ffa99dcc17&#8243; text_font=&raquo;Archivo||||||||&raquo; text_text_color=&raquo;gcid-6171fd24-b893-4d22-843a-f4129850a5c1&#8243; text_font_size=&raquo;18px&raquo; text_line_height=&raquo;1.6em&raquo; text_font_size_tablet=&raquo;16px&raquo; text_font_size_phone=&raquo;14px&raquo; text_font_size_last_edited=&raquo;on|phone&raquo; locked=&raquo;off&raquo; global_colors_info=&raquo;{%22gcid-6171fd24-b893-4d22-843a-f4129850a5c1%22:%91%22text_text_color%22%93}&raquo;]<span style=\"font-weight: 400;\">We have a Research- and Development Unit within the Department of Child and Adolescent Mental Health (ABUP) at S\u00f8rlandet hospital. The research activity is divided into various focus areas with designated research groups, where our own researcher Carina Ribe Fernee leads the research group UTforsk for outdoor therapy and nature-based health promotion.  \n \n\nPhoto: Lars Verket <\/span><i><span style=\"font-weight: 400;\">UTforsk: Forskergruppe for utend\u00f8rsterapi og naturbasert helsefremming<\/span><\/i><\/p>\n<p style=\"text-align: right;\"><i><span style=\"font-weight: 400; font-size: 16px;\">Photo: Lars Verket <\/span><\/i><\/p>\n<p>[\/et_pb_text][et_pb_button button_url=&raquo;@ET-DC@eyJkeW5hbWljIjp0cnVlLCJjb250ZW50IjoicG9zdF9saW5rX3VybF9wYWdlIiwic2V0dGluZ3MiOnsicG9zdF9pZCI6IjM3In19@&raquo; button_text=&raquo;Publikasjoner&raquo; button_alignment=&raquo;right&raquo; button_alignment_tablet=&raquo;left&raquo; button_alignment_phone=&raquo;left&raquo; button_alignment_last_edited=&raquo;on|tablet&raquo; _builder_version=&raquo;4.18.0&#8243; _dynamic_attributes=&raquo;button_url&raquo; _module_preset=&raquo;31b4f027-aaa0-4f2f-ae02-959764e19e4f&raquo; custom_button=&raquo;on&raquo; button_text_size=&raquo;14px&raquo; button_text_color=&raquo;#FFFFFF&raquo; button_bg_color=&raquo;#E09900&#8243; button_border_width=&raquo;0px&raquo; button_border_radius=&raquo;0px&raquo; button_font=&raquo;Archivo|700||on|||||&raquo; custom_padding=&raquo;18px|38px|18px|38px|true|true&raquo; locked=&raquo;off&raquo; global_colors_info=&raquo;{}&raquo;][\/et_pb_button][\/et_pb_column][\/et_pb_row][\/et_pb_section][et_pb_section fb_built=&raquo;1&#8243; admin_label=&raquo;Services&raquo; _builder_version=&raquo;4.18.0&#8243; _module_preset=&raquo;default&raquo; background_color=&raquo;gcid-2cf18f4b-ad1d-4daf-a40a-75be4919065f&raquo; locked=&raquo;off&raquo; collapsed=&raquo;on&raquo; global_colors_info=&raquo;{%22gcid-2cf18f4b-ad1d-4daf-a40a-75be4919065f%22:%91%22background_color%22%93}&raquo;][et_pb_row column_structure=&raquo;1_2,1_2&#8243; make_equal=&raquo;on&raquo; _builder_version=&raquo;4.18.0&#8243; _module_preset=&raquo;default&raquo; global_colors_info=&raquo;{}&raquo;][et_pb_column type=&raquo;1_2&#8243; _builder_version=&raquo;4.18.0&#8243; _module_preset=&raquo;default&raquo; custom_padding=&raquo;60px||60px||true|false&raquo; custom_padding_tablet=&raquo;30px||30px||true|false&raquo; custom_padding_phone=&raquo;20px||20px||true|false&raquo; custom_padding_last_edited=&raquo;on|desktop&raquo; global_colors_info=&raquo;{}&raquo;][et_pb_image src=&raquo;https:\/\/friluftsterapi.com\/wp-content\/uploads\/2022\/11\/Bilde-7-Bok-Utendorsterapi-min.jpg&raquo; title_text=&raquo;Bilde 7 Bok Utend\u00f8rsterapi-min&raquo; _builder_version=&raquo;4.19.0&#8243; _module_preset=&raquo;default&raquo; custom_margin=&raquo;||||false|false&raquo; global_colors_info=&raquo;{}&raquo;][\/et_pb_image][et_pb_image src=&raquo;https:\/\/friluftsterapi.com\/wp-content\/uploads\/2022\/11\/9IATC-Carina-min-scaled.jpg&raquo; title_text=&raquo;9IATC Carina-min&raquo; _builder_version=&raquo;4.19.0&#8243; _module_preset=&raquo;default&raquo; global_colors_info=&raquo;{}&raquo;][\/et_pb_image][\/et_pb_column][et_pb_column type=&raquo;1_2&#8243; _builder_version=&raquo;4.18.0&#8243; _module_preset=&raquo;default&raquo; custom_padding=&raquo;60px||60px||true|false&raquo; custom_padding_tablet=&raquo;30px||30px||true|false&raquo; custom_padding_phone=&raquo;20px||20px||true|false&raquo; custom_padding_last_edited=&raquo;on|desktop&raquo; global_colors_info=&raquo;{}&raquo;][et_pb_blurb title=&raquo; forsknings- og utviklingsprosjekter&raquo; use_icon=&raquo;on&raquo; font_icon=&raquo;&#xe052;||divi||400&#8243; icon_color=&raquo;#FFFFFF&raquo; icon_placement=&raquo;left&raquo; image_icon_width=&raquo;36px&raquo; _builder_version=&raquo;4.18.0&#8243; _module_preset=&raquo;341773a8-7d77-4626-b15c-f95399f25521&#8243; header_font=&raquo;Archivo|700||on|||||&raquo; header_text_color=&raquo;#ECC600&#8243; header_font_size=&raquo;14px&raquo; header_letter_spacing=&raquo;1px&raquo; body_font=&raquo;Archivo||||||||&raquo; body_text_color=&raquo;#e8e8e8&#8243; custom_margin=&raquo;||0.3%||false|false&raquo; animation=&raquo;off&raquo; locked=&raquo;off&raquo; global_colors_info=&raquo;{}&raquo;]<\/p>\n<p><span style=\"font-weight: 400;\">Under \u201cprojects\u201d in the menu above, you find an overview of ongoing and finalised research- and development projects. Under \u201cpublications\u201d, you find an overview of scientific publications, books, media and other outlets.\u00a0<\/span><\/p>\n<p><span style=\"font-weight: 400;\">\u00a0<\/span><\/p>\n<p>[\/et_pb_blurb][et_pb_button button_url=&raquo;@ET-DC@eyJkeW5hbWljIjp0cnVlLCJjb250ZW50IjoicG9zdF9saW5rX3VybF9wYWdlIiwic2V0dGluZ3MiOnsicG9zdF9pZCI6IjM5In19@&raquo; button_text=&raquo;Prosjekter&raquo; button_alignment=&raquo;center&raquo; button_alignment_tablet=&raquo;left&raquo; button_alignment_phone=&raquo;left&raquo; button_alignment_last_edited=&raquo;on|tablet&raquo; _builder_version=&raquo;4.18.0&#8243; _dynamic_attributes=&raquo;button_url&raquo; _module_preset=&raquo;31b4f027-aaa0-4f2f-ae02-959764e19e4f&raquo; custom_button=&raquo;on&raquo; button_text_size=&raquo;14px&raquo; button_text_color=&raquo;#FFFFFF&raquo; button_bg_color=&raquo;#E09900&#8243; button_border_width=&raquo;0px&raquo; button_border_radius=&raquo;0px&raquo; button_font=&raquo;Archivo|700||on|||||&raquo; custom_padding=&raquo;10px|38px|10px|38px|true|true&raquo; locked=&raquo;off&raquo; global_colors_info=&raquo;{}&raquo;][\/et_pb_button][et_pb_blurb title=&raquo;Hva gj\u00f8r vi?&raquo; use_icon=&raquo;on&raquo; font_icon=&raquo;&#xe052;||divi||400&#8243; icon_color=&raquo;#FFFFFF&raquo; icon_placement=&raquo;left&raquo; image_icon_width=&raquo;36px&raquo; _builder_version=&raquo;4.19.0&#8243; _module_preset=&raquo;341773a8-7d77-4626-b15c-f95399f25521&#8243; header_font=&raquo;Archivo|700||on|||||&raquo; header_text_color=&raquo;#ecc600&#8243; header_font_size=&raquo;14px&raquo; header_letter_spacing=&raquo;1px&raquo; body_font=&raquo;Archivo||||||||&raquo; body_text_color=&raquo;#e8e8e8&#8243; custom_margin=&raquo;||7.9%||false|false&raquo; animation=&raquo;off&raquo; locked=&raquo;off&raquo; global_colors_info=&raquo;{%22gcid-6171fd24-b893-4d22-843a-f4129850a5c1%22:%91%22header_text_color%22%93}&raquo;]<\/p>\n<p><span style=\"font-weight: 400;\">ABUP and S\u00f8rlandet hospital has together with collaborative partners in the Agder region and elsewhere contributed to the development of the field of outdoor therapy and health care in Norway and internationally.\u00a0<\/span><\/p>\n<p><span style=\"font-weight: 400;\">One of ABUP\u2019s contributions is to develop and implement nature-based approaches in mental health services for children, youth and families, where evaluation and research, in addition to wide dissemination is an integral part.\u00a0<\/span><\/p>\n<p><span style=\"font-weight: 400;\">Friluftsterapi was the first approach we developed through various phases of implementation and research of a nature-based approach to mental health care for youth with psychosocial health challenges.\u00a0<\/span><\/p>\n<p><span style=\"font-weight: 400;\">Nowadays we are involved in several research- and development projects. Under \u201cprojects\u201d above, you find an overview of some of these, in addition to relevant publications.\u00a0<\/span><\/p>\n<p><span style=\"font-weight: 400;\">We have contributed to the initiation, participation and\/or chairing of a number of national and international networks such as the Norwegian Association for Outdoor Therapy (NFUT), <\/span><i><span style=\"font-weight: 400;\">Norsk Forening for Utend\u00f8rsterapi<\/span><\/i><span style=\"font-weight: 400;\"> (NFUT), <\/span><i><span style=\"font-weight: 400;\">Nordic Outdoor Therapy Network<\/span><\/i><span style=\"font-weight: 400;\"> (NOTN) og <\/span><i><span style=\"font-weight: 400;\">Adventure Therapy International Committee<\/span><\/i><span style=\"font-weight: 400;\"> (ATIC).<\/span><\/p>\n<p><span style=\"font-weight: 400;\">In june 2022, we hosted <\/span><a href=\"https:\/\/9iatc.internationaladventuretherapy.org\/\"><i><span style=\"font-weight: 400;\">The 9th International Adventure Therapy Conference\/3rd Gathering for Adventure Therapy in Europe<\/span><\/i><\/a><span style=\"font-weight: 400;\"> together with our co-organisers Kristiansand Municipality, Blue Cross, University of Agder and Agder County Council, where 400 participants from 42 nations gathered in-person, in addition to 150 digital attendants.\u00a0<\/span><\/p>\n<p><span style=\"font-weight: 400;\">In addition, we contribute to competence building within the field through lecturing at Universities and various institutions, as well as providing presentations\/trainings when we have the chance. We have developed a post-graduate course in \u201cNature-based therapeutic work\u201d at University of Agder, taught in Norwegian, which runs every fall semester: <\/span><a href=\"https:\/\/www.uia.no\/studier\/evu\/naturbasert-terapeutisk-arbeid\"><span style=\"font-weight: 400;\">Naturbasert terapeutisk arbeid &#8211; Universitetet i Agder (uia.no)<\/span><\/a><span style=\"font-weight: 400;\">We have also recently published the first textbook on outdoor therapy in Norwegian:<\/span><a href=\"https:\/\/www.cappelendamm.no\/_utendorsterapi-9788202682132\"><i><span style=\"font-weight: 400;\">Utend\u00f8rsterapi: En introduksjon<\/span><\/i><\/a><span style=\"font-weight: 400;\">(Fernee, Palucha, Olsen &amp; Gabrielsen, 2023) at Cappelen Damm Academic Publisher.<\/span><\/p>\n<p>[\/et_pb_blurb][et_pb_blurb title=&raquo;Kontakt&raquo; use_icon=&raquo;on&raquo; font_icon=&raquo;&#xe052;||divi||400&#8243; icon_color=&raquo;#FFFFFF&raquo; icon_placement=&raquo;left&raquo; image_icon_width=&raquo;36px&raquo; _builder_version=&raquo;4.18.0&#8243; _module_preset=&raquo;341773a8-7d77-4626-b15c-f95399f25521&#8243; header_font=&raquo;Archivo|700||on|||||&raquo; header_text_color=&raquo;#ecc600&#8243; header_font_size=&raquo;14px&raquo; header_letter_spacing=&raquo;1px&raquo; body_font=&raquo;Archivo||||||||&raquo; body_text_color=&raquo;#e8e8e8&#8243; custom_margin=&raquo;||7.9%||false|false&raquo; animation=&raquo;off&raquo; locked=&raquo;off&raquo; global_colors_info=&raquo;{%22gcid-6171fd24-b893-4d22-843a-f4129850a5c1%22:%91%22header_text_color%22%93}&raquo;]<\/p>\n<p class=\"translation-block\">Research group leader Carina Ribe Fernee. Phone: 90671621. E-mail: carina.fernee@sshf.no<\/p>\n<p>[\/et_pb_blurb][\/et_pb_column][\/et_pb_row][\/et_pb_section]<\/p>","protected":false},"excerpt":{"rendered":"<p>Abup utForskningVi har en egen forsknings- og utviklingsenhet (FoU-enhet) ved Avdeling for barn og unges psykiske helse (ABUP) ved S\u00f8rlandet sykehus HF. FoU-enhetens aktivitet er organisert i ulike forskningsomr\u00e5der med tilsvarende forskningsgrupper, hvor v\u00e5r egen forsker Carina Ribe Fernee er forskningsgruppeleder for UTforsk: Forskergruppe for utend\u00f8rsterapi og naturbasert helsefremming Fotograf Lars Verket Under \u00abprosjekter\u00bb i [&hellip;]<\/p>","protected":false},"author":1,"featured_media":706,"parent":35,"menu_order":0,"comment_status":"closed","ping_status":"closed","template":"","meta":{"_et_pb_use_builder":"on","_et_pb_old_content":"","_et_gb_content_width":"","footnotes":""},"class_list":["post-666","page","type-page","status-publish","has-post-thumbnail","hentry"],"_links":{"self":[{"href":"https:\/\/friluftsterapi.com\/en\/wp-json\/wp\/v2\/pages\/666","targetHints":{"allow":["GET"]}}],"collection":[{"href":"https:\/\/friluftsterapi.com\/en\/wp-json\/wp\/v2\/pages"}],"about":[{"href":"https:\/\/friluftsterapi.com\/en\/wp-json\/wp\/v2\/types\/page"}],"author":[{"embeddable":true,"href":"https:\/\/friluftsterapi.com\/en\/wp-json\/wp\/v2\/users\/1"}],"replies":[{"embeddable":true,"href":"https:\/\/friluftsterapi.com\/en\/wp-json\/wp\/v2\/comments?post=666"}],"version-history":[{"count":16,"href":"https:\/\/friluftsterapi.com\/en\/wp-json\/wp\/v2\/pages\/666\/revisions"}],"predecessor-version":[{"id":1550,"href":"https:\/\/friluftsterapi.com\/en\/wp-json\/wp\/v2\/pages\/666\/revisions\/1550"}],"up":[{"embeddable":true,"href":"https:\/\/friluftsterapi.com\/en\/wp-json\/wp\/v2\/pages\/35"}],"wp:featuredmedia":[{"embeddable":true,"href":"https:\/\/friluftsterapi.com\/en\/wp-json\/wp\/v2\/media\/706"}],"wp:attachment":[{"href":"https:\/\/friluftsterapi.com\/en\/wp-json\/wp\/v2\/media?parent=666"}],"curies":[{"name":"wp","href":"https:\/\/api.w.org\/{rel}","templated":true}]}}